{"id":3,"date":"2023-06-05T13:32:07","date_gmt":"2023-06-05T11:32:07","guid":{"rendered":"https:\/\/thajskemasaze-brno.cz\/?page_id=3"},"modified":"2024-10-16T12:52:22","modified_gmt":"2024-10-16T10:52:22","slug":"ochrana-osobnich-udaju","status":"publish","type":"page","link":"https:\/\/thajskemasaze-brno.cz\/en\/ochrana-osobnich-udaju\/","title":{"rendered":"Privacy Policy"},"content":{"rendered":"<p>[et_pb_section fb_built=&#8221;1&#8243; module_class=&#8221;os-udaje-podminky&#8221; _builder_version=&#8221;4.23.1&#8243; _module_preset=&#8221;default&#8221; global_colors_info=&#8221;{}&#8221;][et_pb_row _builder_version=&#8221;4.23.1&#8243; _module_preset=&#8221;default&#8221; global_colors_info=&#8221;{}&#8221;][et_pb_column type=&#8221;4_4&#8243; _builder_version=&#8221;4.23.1&#8243; _module_preset=&#8221;default&#8221; global_colors_info=&#8221;{}&#8221;][et_pb_text admin_label=&#8221;Z\u00e1sady o ochran\u011b osobn\u00edch \u00fadaj\u016f dle GDPR&#8221; _builder_version=&#8221;4.24.0&#8243; _module_preset=&#8221;default&#8221; global_colors_info=&#8221;{}&#8221;]<\/p>\n<h1>Z\u00e1sady o&nbsp;ochran\u011b osobn\u00edch \u00fadaj\u016f dle GDPR<\/h1>\n<p>Pro na\u0161i spole\u010dnost, SONGKHLA s.r.o. I\u010cO: 11943548 se s\u00eddlem: Husitsk\u00e1 1216\/11, Kr\u00e1lovo Pole, 612&nbsp;00 Brno, je ochrana osobn\u00edch \u00fadaj\u016f prioritou.<\/p>\n<p>N\u00e1sleduj\u00edc\u00edmi podm\u00ednkami informujeme o&nbsp;zpracov\u00e1n\u00ed osobn\u00edch \u00fadaj\u016f p\u0159i&nbsp;kontaktu s&nbsp;n\u00e1mi.<\/p>\n<p>Jsme zodpov\u011bdn\u00ed za dodr\u017eov\u00e1n\u00ed ustanoven\u00ed Obecn\u00e9ho na\u0159\u00edzen\u00ed o&nbsp;ochran\u011b osobn\u00edch \u00fadaj\u016f (GDPR) jako spr\u00e1vce a&nbsp;na\u0161e praxe ochrany \u00fadaj\u016f je v&nbsp;souladu s&nbsp;platnou pr\u00e1vn\u00ed \u00fapravou ochrany osobn\u00edch \u00fadaj\u016f.<\/p>\n<h2>1. Z\u00e1kladn\u00ed pojmy<\/h2>\n<h3>Osobn\u00ed \u00fadaje<\/h3>\n<p>Osobn\u00ed \u00fadaje jsou v\u0161echny \u00fadaje, kter\u00e9 se vztahuj\u00ed k&nbsp;Va\u0161\u00ed osob\u011b. Pat\u0159\u00ed k&nbsp;nim Va\u0161e jm\u00e9no a&nbsp;p\u0159\u00edjmen\u00ed, e-mailov\u00e1 adresa, telefon, faktura\u010dn\u00ed nebo doru\u010dovac\u00ed adresa,<\/p>\n<h2>2. Zpracov\u00e1n\u00ed osobn\u00edch \u00fadaj\u016f<\/h2>\n<p>V r\u00e1mci pou\u017e\u00edv\u00e1n\u00ed na\u0161ich funkc\u00ed webov\u00fdch str\u00e1nek nebo za \u00fa\u010delem zasl\u00e1n\u00ed objedn\u00e1vky, jste n\u00e1m poskytli p\u0159i&nbsp;registraci nebo odesl\u00e1n\u00ed objedn\u00e1vky n\u00e1sleduj\u00edc\u00ed osobn\u00ed \u00fadaje:<\/p>\n<ul>\n<li>Jm\u00e9no a&nbsp;p\u0159\u00edjmen\u00ed<\/li>\n<li>Email<\/li>\n<li>Faktura\u010dn\u00ed adresa<\/li>\n<li>Doru\u010dovac\u00ed adresa<\/li>\n<li>Telefon<\/li>\n<\/ul>\n<p>Toto zpracov\u00e1n\u00ed \u00fadaj\u016f je zalo\u017eeno na \u010dl. 6 odst. 1 p\u00edsm. b) GDPR.<\/p>\n<h2>3. Zpracov\u00e1n\u00ed Va\u0161ich osobn\u00edch \u00fadaj\u016f pro reklamn\u00ed \u00fa\u010dely a&nbsp;sd\u011blen\u00ed<\/h2>\n<p>Pokud jste n\u00e1m poskytli souhlas se zas\u00edl\u00e1n\u00edm informac\u00ed a&nbsp;reklamn\u00edch sd\u011blen\u00ed, budeme V\u00e1s informovat o&nbsp;nov\u00fdch produktech, slu\u017eb\u00e1ch, sout\u011b\u017e\u00edch a&nbsp;konan\u00fdch akc\u00edch.<\/p>\n<p>Pokud jste se rozhodli pro zas\u00edl\u00e1n\u00ed informac\u00ed klasickou po\u0161tou, zpracov\u00e1v\u00e1me Va\u0161e jm\u00e9no, p\u0159\u00edjmen\u00ed a&nbsp;Va\u0161i doru\u010dovac\u00ed adresu. Pokud jste se rozhodli pro zas\u00edl\u00e1n\u00ed informac\u00ed e-mailem, zpracov\u00e1v\u00e1me Va\u0161i e-mailovou adresu.<\/p>\n<p>Va\u0161e osobn\u00ed \u00fadaje jsou zpracov\u00e1v\u00e1ny tak\u00e9 k&nbsp;\u00fa\u010del\u016fm pr\u016fzkumu trhu. D\u011bje se tak ov\u0161em a\u017e po&nbsp;jejich \u00fapln\u00e9 anonymizaci a&nbsp;nen\u00ed tak mo\u017eno vyhodnotit jejich vztah k&nbsp;Va\u0161\u00ed osob\u011b ani vyvozovat v\u016f\u010di V\u00e1m jak\u00e9koli d\u016fsledky.<\/p>\n<p>Toto zpracov\u00e1n\u00ed \u00fadaj\u016f je zalo\u017eeno na \u010dl. 6 odst. 1 p\u00edsm. a) GDPR.<\/p>\n<h2>4. Bezpe\u010dnost osobn\u00edch \u00fadaj\u016f<\/h2>\n<p>Jako spole\u010dnost m\u00e1me zavedena technick\u00e1 a&nbsp;organiza\u010dn\u00ed bezpe\u010dnostn\u00ed opat\u0159en\u00ed, abychom chr\u00e1nili Va\u0161e osobn\u00ed \u00fadaje v&nbsp;co nejvy\u0161\u0161\u00ed m\u00ed\u0159e zejm\u00e9na proti neopr\u00e1vn\u011bn\u00e9mu p\u0159\u00edstupu k&nbsp;nim. V\u00e1mi poskytnut\u00e9 informace jsou p\u0159en\u00e1\u0161eny v&nbsp;k\u00f3dovan\u00e9 form\u011b pomoc\u00ed protokolu SSL, aby se preventivn\u011b zamezilo jejich zneu\u017eit\u00ed t\u0159et\u00edmi osobami. Ov\u011b\u0159\u00edte to tak, \u017ee se v&nbsp;adresn\u00edm \u0159\u00e1dku Va\u0161eho prohl\u00ed\u017ee\u010de se nach\u00e1z\u00ed symbol zav\u0159en\u00e9ho z\u00e1mku a&nbsp;text adresy za\u010d\u00edn\u00e1 zkratkou \u201ehttps\u201c.<\/p>\n<h2>5. Va\u0161e pr\u00e1va ve vztahu k&nbsp;osobn\u00edm \u00fadaj\u016fm<\/h2>\n<h3>Pr\u00e1vo na informace<\/h3>\n<p>M\u00e1te pr\u00e1vo kdykoli od n\u00e1s po\u017eadovat informace o&nbsp;Va\u0161ich osobn\u00edch \u00fadaj\u00edch ulo\u017een\u00fdch u&nbsp;n\u00e1s, o&nbsp;jejich p\u016fvodu, p\u0159\u00edjemc\u00edch nebo kategori\u00edch p\u0159\u00edjemc\u016f, kter\u00fdm byly p\u0159ed\u00e1ny a&nbsp;o&nbsp;\u00fa\u010delu ulo\u017een\u00ed osobn\u00edch \u00fadaj\u016f. V&nbsp;p\u0159\u00edpad\u011b \u017e\u00e1dosti o&nbsp;poskytnut\u00ed kopie zpracov\u00e1van\u00fdch osobn\u00edch \u00fadaj\u016f V\u00e1m m\u016f\u017eeme za v\u0161echny dal\u0161\u00ed kopie, nad r\u00e1mec prvn\u00ed kopie, \u00fa\u010dtovat p\u0159im\u011b\u0159en\u00e9 administrativn\u00ed n\u00e1klady. Toto neplat\u00ed pro informace pod\u00e1van\u00e9 elektronicky.<\/p>\n<h3>Pr\u00e1vo odvolat souhlas<\/h3>\n<p>Pokud jste ud\u011blili souhlas k&nbsp;pou\u017eit\u00ed osobn\u00edch \u00fadaj\u016f, m\u016f\u017eete jej odvolat kdykoli bez ud\u00e1n\u00ed d\u016fvodu, s&nbsp;\u00fa\u010dinky do budoucna. K&nbsp;odvol\u00e1n\u00ed souhlasu posta\u010duje zaslat e-mail na <a href=\"mailto:bangkokmassage@seznam.cz\">bangkokmassage@seznam.cz<\/a>.<\/p>\n<h3>Pr\u00e1vo na \u00fapravu nebo opravu \u00fadaj\u016f<\/h3>\n<p>Pokud jsou \u00fadaje, kter\u00e9 m\u00e1me nep\u0159esn\u00e9 \u010di&nbsp;nejsou spr\u00e1vn\u00e9, m\u016f\u017eete je kdykoli opravit na sv\u00e9m u\u017eivatelsk\u00e9m \u00fa\u010dtu nebo n\u00e1s p\u0159\u00edpadn\u011b po\u017e\u00e1dat o&nbsp;opravu.<\/p>\n<h3>Pr\u00e1vo na v\u00fdmaz a&nbsp;omezen\u00ed zpracov\u00e1n\u00ed<\/h3>\n<p>M\u00e1te pr\u00e1vo na v\u00fdmaz a&nbsp;omezen\u00ed zpracov\u00e1n\u00ed Va\u0161ich osobn\u00edch \u00fadaj\u016f n\u00e1mi zpracov\u00e1van\u00fdch. V\u00fdmaz sv\u00fdch osobn\u00edch \u00fadaj\u016f m\u016f\u017eete po\u017e\u00e1dat kdykoli prost\u0159ednictv\u00edm na\u0161ich kontakt\u016f. Va\u0161e osobn\u00ed \u00fadaje budou zpravidla vymaz\u00e1ny okam\u017eit\u011b, nejpozd\u011bji v\u0161ak do jednoho m\u011bs\u00edce po&nbsp;pod\u00e1n\u00ed \u017e\u00e1dosti. V&nbsp;p\u0159\u00edpad\u011b, \u017ee by v\u00fdmaz odporoval z\u00e1konn\u00fdm, smluvn\u00edm, da\u0148ov\u011b-pr\u00e1vn\u00edm, obchodn\u011b-pr\u00e1vn\u00edm povinnostem uchov\u00e1v\u00e1n\u00ed, nebo jin\u00fdm z\u00e1konn\u00fdm d\u016fvod\u016fm, m\u016f\u017ee b\u00fdt m\u00edsto v\u00fdmazu Va\u0161ich osobn\u00edch \u00fadaj\u016f pouze omezeno jejich zpracov\u00e1n\u00ed. V&nbsp;takov\u00e9m p\u0159\u00edpad\u011b v\u00e1s budeme informovat.<\/p>\n<h3>Pr\u00e1vo na p\u0159enositelnost osobn\u00edch \u00fadaj\u016f<\/h3>\n<p>Pokud po\u017eadujete z\u00edsk\u00e1n\u00ed osobn\u00edch \u00fadaj\u016f, kter\u00e9 zpracov\u00e1v\u00e1me, p\u0159ed\u00e1me je V\u00e1m nebo jin\u00e9mu spr\u00e1vci, kter\u00e9ho ozna\u010d\u00edte, v&nbsp;b\u011b\u017en\u011b pou\u017e\u00edvan\u00e9m a&nbsp;strojov\u011b \u010diteln\u00e9m form\u00e1tu. Jin\u00e9mu spr\u00e1vci takto Va\u0161e osobn\u00ed \u00fadaje p\u0159ed\u00e1me pouze tehdy, kdy\u017e to bude technicky mo\u017en\u00e9.<\/p>\n<h3>Kontakty<\/h3>\n<p>P\u0159i kontaktu s&nbsp;n\u00e1mi e-mailem nebo po\u0161tou kontaktech uveden\u00fdch v&nbsp;\u010dl. 6 ulo\u017e\u00edme V\u00e1mi sd\u011blen\u00e9 informace (Va\u0161e e-mailov\u00e1 adresa, p\u0159\u00edp. Va\u0161e jm\u00e9no a&nbsp;Va\u0161e \u010d\u00edslo telefonu), za \u00fa\u010delem zodpov\u011bzen\u00ed Va\u0161ich dotaz\u016f nebo vyhov\u011bn\u00ed Va\u0161\u00ed \u017e\u00e1dosti. \u00dadaje takto ulo\u017een\u00e9 vyma\u017eeme pot\u00e9, co pomine d\u016fvod jejich ulo\u017een\u00ed, p\u0159\u00edp. omez\u00edme jejich zpracov\u00e1n\u00ed, pokud bude existovat z\u00e1konn\u00e1 povinnost jejich uchov\u00e1v\u00e1n\u00ed.<\/p>\n<h3>Pr\u00e1vo podat st\u00ed\u017enost<\/h3>\n<p>Pro pod\u00e1n\u00ed st\u00ed\u017enosti se obra\u0165te na kontakt uveden\u00fd v&nbsp;\u010dl. 6. Mimo to, m\u00e1te pr\u00e1vo podat st\u00ed\u017enost i&nbsp;u&nbsp;dozorov\u00e9ho \u00fa\u0159adu proti zpracov\u00e1n\u00ed Va\u0161ich osobn\u00edch \u00fadaj\u016f, pokud se domn\u00edv\u00e1te, \u017ee Va\u0161e pr\u00e1va na ochranu osobn\u00edch \u00fadaj\u016f byla n\u011bjak\u00fdm zp\u016fsobem poru\u0161ena.<\/p>\n<h2>6. Dotazy k&nbsp;ochran\u011b osobn\u00edch \u00fadaj\u016f<\/h2>\n<p>M\u00e1te n\u011bjak\u00e9 ot\u00e1zky? S&nbsp;dotazy ke v\u0161em proces\u016fm zpracov\u00e1n\u00ed osobn\u00edch \u00fadaj\u016f ve vztahu k&nbsp;n\u00e1m m\u016f\u017eete kdykoliv zaslat na Pov\u011b\u0159ence pro ochranu osobn\u00edch \u00fadaj\u016f s&nbsp;e\u2013mailovou adresou: <a href=\"mailto:bangkokmassage@seznam.cz\">bangkokmassage@seznam.cz<\/a>.[\/et_pb_text][\/et_pb_column][\/et_pb_row][\/et_pb_section]<\/p>\n","protected":false},"excerpt":{"rendered":"<p>Z\u00e1sady o&nbsp;ochran\u011b osobn\u00edch \u00fadaj\u016f dle GDPR Pro na\u0161i spole\u010dnost, SONGKHLA s.r.o. I\u010cO: 11943548 se s\u00eddlem: Husitsk\u00e1 1216\/11, Kr\u00e1lovo Pole, 612&nbsp;00 Brno, je ochrana osobn\u00edch \u00fadaj\u016f prioritou. N\u00e1sleduj\u00edc\u00edmi podm\u00ednkami informujeme o&nbsp;zpracov\u00e1n\u00ed osobn\u00edch \u00fadaj\u016f p\u0159i&nbsp;kontaktu s&nbsp;n\u00e1mi. Jsme zodpov\u011bdn\u00ed za dodr\u017eov\u00e1n\u00ed ustanoven\u00ed Obecn\u00e9ho na\u0159\u00edzen\u00ed o&nbsp;ochran\u011b osobn\u00edch \u00fadaj\u016f (GDPR) jako spr\u00e1vce a&nbsp;na\u0161e [&hellip;]<\/p>\n","protected":false},"author":1,"featured_media":0,"parent":0,"menu_order":0,"comment_status":"closed","ping_status":"closed","template":"","meta":{"_et_pb_use_builder":"on","_et_pb_old_content":"","_et_gb_content_width":"","footnotes":""},"class_list":["post-3","page","type-page","status-publish","hentry"],"yoast_head":"<!-- This site is optimized with the Yoast SEO plugin v26.5 - https:\/\/yoast.com\/wordpress\/plugins\/seo\/ -->\n<title>Privacy Policy<\/title>\n<meta name=\"description\" content=\"Thajsk\u00e9 mas\u00e1\u017ee Bangkok: Luxusn\u00ed Relax a odpo\u010dinek v Brn\u011b!\" \/>\n<meta name=\"robots\" content=\"index, follow, max-snippet:-1, max-image-preview:large, max-video-preview:-1\" \/>\n<link rel=\"canonical\" href=\"https:\/\/thajskemasaze-brno.cz\/en\/ochrana-osobnich-udaju\/\" \/>\n<meta property=\"og:locale\" content=\"en_GB\" \/>\n<meta property=\"og:locale:alternate\" content=\"cs_CZ\" \/>\n<meta property=\"og:type\" content=\"article\" \/>\n<meta property=\"og:title\" content=\"Privacy Policy\" \/>\n<meta property=\"og:description\" content=\"Thajsk\u00e9 mas\u00e1\u017ee Bangkok: Luxusn\u00ed Relax a odpo\u010dinek v Brn\u011b!\" \/>\n<meta property=\"og:url\" content=\"https:\/\/thajskemasaze-brno.cz\/en\/ochrana-osobnich-udaju\/\" \/>\n<meta property=\"og:site_name\" content=\"Thajsk\u00e9 mas\u00e1\u017ee Bangkok\" \/>\n<meta property=\"article:modified_time\" content=\"2024-10-16T10:52:22+00:00\" \/>\n<meta property=\"og:image\" content=\"https:\/\/thajskemasaze-brno.cz\/wp-content\/uploads\/2024\/02\/cropped-favicon.png\" \/>\n\t<meta property=\"og:image:width\" content=\"512\" \/>\n\t<meta property=\"og:image:height\" content=\"512\" \/>\n\t<meta property=\"og:image:type\" content=\"image\/png\" \/>\n<meta name=\"twitter:card\" content=\"summary_large_image\" \/>\n<meta name=\"twitter:label1\" content=\"Estimated reading time\" \/>\n\t<meta name=\"twitter:data1\" content=\"4 minutes\" \/>\n<script type=\"application\/ld+json\" class=\"yoast-schema-graph\">{\"@context\":\"https:\/\/schema.org\",\"@graph\":[{\"@type\":\"WebPage\",\"@id\":\"https:\/\/thajskemasaze-brno.cz\/en\/ochrana-osobnich-udaju\/\",\"url\":\"https:\/\/thajskemasaze-brno.cz\/en\/ochrana-osobnich-udaju\/\",\"name\":\"Privacy Policy\",\"isPartOf\":{\"@id\":\"https:\/\/thajskemasaze-brno.cz\/#website\"},\"datePublished\":\"2023-06-05T11:32:07+00:00\",\"dateModified\":\"2024-10-16T10:52:22+00:00\",\"description\":\"Thajsk\u00e9 mas\u00e1\u017ee Bangkok: Luxusn\u00ed Relax a odpo\u010dinek v Brn\u011b!\",\"breadcrumb\":{\"@id\":\"https:\/\/thajskemasaze-brno.cz\/en\/ochrana-osobnich-udaju\/#breadcrumb\"},\"inLanguage\":\"en-GB\",\"potentialAction\":[{\"@type\":\"ReadAction\",\"target\":[\"https:\/\/thajskemasaze-brno.cz\/en\/ochrana-osobnich-udaju\/\"]}]},{\"@type\":\"BreadcrumbList\",\"@id\":\"https:\/\/thajskemasaze-brno.cz\/en\/ochrana-osobnich-udaju\/#breadcrumb\",\"itemListElement\":[{\"@type\":\"ListItem\",\"position\":1,\"name\":\"Dom\u016f\",\"item\":\"https:\/\/thajskemasaze-brno.cz\/en\/\"},{\"@type\":\"ListItem\",\"position\":2,\"name\":\"Privacy Policy\"}]},{\"@type\":\"WebSite\",\"@id\":\"https:\/\/thajskemasaze-brno.cz\/#website\",\"url\":\"https:\/\/thajskemasaze-brno.cz\/\",\"name\":\"Thajsk\u00e9 mas\u00e1\u017ee Bangkok\",\"description\":\"\",\"publisher\":{\"@id\":\"https:\/\/thajskemasaze-brno.cz\/#organization\"},\"alternateName\":\"Thajsk\u00e9 mas\u00e1\u017ee Bangkok\",\"potentialAction\":[{\"@type\":\"SearchAction\",\"target\":{\"@type\":\"EntryPoint\",\"urlTemplate\":\"https:\/\/thajskemasaze-brno.cz\/?s={search_term_string}\"},\"query-input\":{\"@type\":\"PropertyValueSpecification\",\"valueRequired\":true,\"valueName\":\"search_term_string\"}}],\"inLanguage\":\"en-GB\"},{\"@type\":\"Organization\",\"@id\":\"https:\/\/thajskemasaze-brno.cz\/#organization\",\"name\":\"Thajsk\u00e9 mas\u00e1\u017ee Bangkok\",\"alternateName\":\"Thajsk\u00e9 mas\u00e1\u017ee Bangkok\",\"url\":\"https:\/\/thajskemasaze-brno.cz\/\",\"logo\":{\"@type\":\"ImageObject\",\"inLanguage\":\"en-GB\",\"@id\":\"https:\/\/thajskemasaze-brno.cz\/#\/schema\/logo\/image\/\",\"url\":\"https:\/\/thajskemasaze-brno.cz\/wp-content\/uploads\/2024\/02\/cropped-favicon.png\",\"contentUrl\":\"https:\/\/thajskemasaze-brno.cz\/wp-content\/uploads\/2024\/02\/cropped-favicon.png\",\"width\":512,\"height\":512,\"caption\":\"Thajsk\u00e9 mas\u00e1\u017ee Bangkok\"},\"image\":{\"@id\":\"https:\/\/thajskemasaze-brno.cz\/#\/schema\/logo\/image\/\"}}]}<\/script>\n<!-- \/ Yoast SEO plugin. -->","yoast_head_json":{"title":"Privacy Policy","description":"Thajsk\u00e9 mas\u00e1\u017ee Bangkok: Luxusn\u00ed Relax a odpo\u010dinek v Brn\u011b!","robots":{"index":"index","follow":"follow","max-snippet":"max-snippet:-1","max-image-preview":"max-image-preview:large","max-video-preview":"max-video-preview:-1"},"canonical":"https:\/\/thajskemasaze-brno.cz\/en\/ochrana-osobnich-udaju\/","og_locale":"en_GB","og_type":"article","og_title":"[:cs]Z\u00e1sady ochrany osobn\u00edch \u00fadaj\u016f[:en]Privacy Policy[:] - Thajsk\u00e9 mas\u00e1\u017ee Bangkok","og_description":"Thajsk\u00e9 mas\u00e1\u017ee Bangkok: Luxusn\u00ed Relax a odpo\u010dinek v Brn\u011b!","og_url":"https:\/\/thajskemasaze-brno.cz\/en\/ochrana-osobnich-udaju\/","og_site_name":"Thajsk\u00e9 mas\u00e1\u017ee Bangkok","article_modified_time":"2024-10-16T10:52:22+00:00","og_image":[{"width":512,"height":512,"url":"https:\/\/thajskemasaze-brno.cz\/wp-content\/uploads\/2024\/02\/cropped-favicon.png","type":"image\/png"}],"twitter_card":"summary_large_image","twitter_misc":{"Estimated reading time":"4 minutes"},"schema":{"@context":"https:\/\/schema.org","@graph":[{"@type":"WebPage","@id":"https:\/\/thajskemasaze-brno.cz\/en\/ochrana-osobnich-udaju\/","url":"https:\/\/thajskemasaze-brno.cz\/en\/ochrana-osobnich-udaju\/","name":"Privacy Policy","isPartOf":{"@id":"https:\/\/thajskemasaze-brno.cz\/#website"},"datePublished":"2023-06-05T11:32:07+00:00","dateModified":"2024-10-16T10:52:22+00:00","description":"Thajsk\u00e9 mas\u00e1\u017ee Bangkok: Luxusn\u00ed Relax a odpo\u010dinek v Brn\u011b!","breadcrumb":{"@id":"https:\/\/thajskemasaze-brno.cz\/en\/ochrana-osobnich-udaju\/#breadcrumb"},"inLanguage":"en-GB","potentialAction":[{"@type":"ReadAction","target":["https:\/\/thajskemasaze-brno.cz\/en\/ochrana-osobnich-udaju\/"]}]},{"@type":"BreadcrumbList","@id":"https:\/\/thajskemasaze-brno.cz\/en\/ochrana-osobnich-udaju\/#breadcrumb","itemListElement":[{"@type":"ListItem","position":1,"name":"Dom\u016f","item":"https:\/\/thajskemasaze-brno.cz\/en\/"},{"@type":"ListItem","position":2,"name":"Privacy Policy"}]},{"@type":"WebSite","@id":"https:\/\/thajskemasaze-brno.cz\/#website","url":"https:\/\/thajskemasaze-brno.cz\/","name":"Thajsk\u00e9 mas\u00e1\u017ee Bangkok","description":"","publisher":{"@id":"https:\/\/thajskemasaze-brno.cz\/#organization"},"alternateName":"Thajsk\u00e9 mas\u00e1\u017ee Bangkok","potentialAction":[{"@type":"SearchAction","target":{"@type":"EntryPoint","urlTemplate":"https:\/\/thajskemasaze-brno.cz\/?s={search_term_string}"},"query-input":{"@type":"PropertyValueSpecification","valueRequired":true,"valueName":"search_term_string"}}],"inLanguage":"en-GB"},{"@type":"Organization","@id":"https:\/\/thajskemasaze-brno.cz\/#organization","name":"Thajsk\u00e9 mas\u00e1\u017ee Bangkok","alternateName":"Thajsk\u00e9 mas\u00e1\u017ee Bangkok","url":"https:\/\/thajskemasaze-brno.cz\/","logo":{"@type":"ImageObject","inLanguage":"en-GB","@id":"https:\/\/thajskemasaze-brno.cz\/#\/schema\/logo\/image\/","url":"https:\/\/thajskemasaze-brno.cz\/wp-content\/uploads\/2024\/02\/cropped-favicon.png","contentUrl":"https:\/\/thajskemasaze-brno.cz\/wp-content\/uploads\/2024\/02\/cropped-favicon.png","width":512,"height":512,"caption":"Thajsk\u00e9 mas\u00e1\u017ee Bangkok"},"image":{"@id":"https:\/\/thajskemasaze-brno.cz\/#\/schema\/logo\/image\/"}}]}},"_links":{"self":[{"href":"https:\/\/thajskemasaze-brno.cz\/en\/wp-json\/wp\/v2\/pages\/3","targetHints":{"allow":["GET"]}}],"collection":[{"href":"https:\/\/thajskemasaze-brno.cz\/en\/wp-json\/wp\/v2\/pages"}],"about":[{"href":"https:\/\/thajskemasaze-brno.cz\/en\/wp-json\/wp\/v2\/types\/page"}],"author":[{"embeddable":true,"href":"https:\/\/thajskemasaze-brno.cz\/en\/wp-json\/wp\/v2\/users\/1"}],"replies":[{"embeddable":true,"href":"https:\/\/thajskemasaze-brno.cz\/en\/wp-json\/wp\/v2\/comments?post=3"}],"version-history":[{"count":10,"href":"https:\/\/thajskemasaze-brno.cz\/en\/wp-json\/wp\/v2\/pages\/3\/revisions"}],"predecessor-version":[{"id":582,"href":"https:\/\/thajskemasaze-brno.cz\/en\/wp-json\/wp\/v2\/pages\/3\/revisions\/582"}],"wp:attachment":[{"href":"https:\/\/thajskemasaze-brno.cz\/en\/wp-json\/wp\/v2\/media?parent=3"}],"curies":[{"name":"wp","href":"https:\/\/api.w.org\/{rel}","templated":true}]}}