{"id":505,"date":"2024-10-07T11:45:28","date_gmt":"2024-10-07T09:45:28","guid":{"rendered":"https:\/\/thajskemasaze-brno.cz\/?page_id=505"},"modified":"2024-10-16T10:55:56","modified_gmt":"2024-10-16T08:55:56","slug":"rezervace","status":"publish","type":"page","link":"https:\/\/thajskemasaze-brno.cz\/en\/rezervace\/","title":{"rendered":"Reservation"},"content":{"rendered":"<p>[et_pb_section fb_built=&#8221;1&#8243; module_id=&#8221;poukaz&#8221; module_class=&#8221;bcg-barva1&#8243; _builder_version=&#8221;4.21.0&#8243; _module_preset=&#8221;default&#8221; background_image=&#8221;https:\/\/thajskemasaze-brno.cz\/wp-content\/uploads\/2023\/06\/BCG.png&#8221; background_size=&#8221;initial&#8221; background_position=&#8221;top_left&#8221; background_repeat=&#8221;repeat&#8221; global_colors_info=&#8221;{}&#8221;][et_pb_row _builder_version=&#8221;4.27.2&#8243; _module_preset=&#8221;default&#8221; global_colors_info=&#8221;{}&#8221;][et_pb_column type=&#8221;4_4&#8243; _builder_version=&#8221;4.27.2&#8243; _module_preset=&#8221;default&#8221; global_colors_info=&#8221;{}&#8221;][et_pb_text _builder_version=&#8221;4.27.2&#8243; _module_preset=&#8221;default&#8221; hover_enabled=&#8221;0&#8243; global_colors_info=&#8221;{}&#8221; sticky_enabled=&#8221;0&#8243;]<\/p>\n<h1 class=\"text-center text-barva-bila\">Booking a&nbsp;massage<\/h1>\n<p>[\/et_pb_text][et_pb_code _builder_version=&#8221;4.27.2&#8243; _module_preset=&#8221;default&#8221; global_colors_info=&#8221;{}&#8221;]<!-- inserted reservanto code --><!-- [et_pb_line_break_holder] --><\/p>\n<div style=\"max-width:1400px;height:650px;\" class=\"reservanto-iframe\" data-id=\"22312\" ><\/div>\n<p><!-- [et_pb_line_break_holder] --><script defer type=\"text\/javascript\" src=\"https:\/\/booking.reservanto.cz\/Script\/reservanto-iframe.js\"><\/script><!-- [et_pb_line_break_holder] --><!-- end of inserted reservanto code -->[\/et_pb_code][\/et_pb_column][\/et_pb_row][\/et_pb_section]<\/p>\n","protected":false},"excerpt":{"rendered":"<p>Booking a&nbsp;massage<\/p>\n","protected":false},"author":1,"featured_media":0,"parent":0,"menu_order":0,"comment_status":"closed","ping_status":"closed","template":"","meta":{"_et_pb_use_builder":"on","_et_pb_old_content":"","_et_gb_content_width":"","footnotes":""},"class_list":["post-505","page","type-page","status-publish","hentry"],"yoast_head":"<!-- This site is optimized with the Yoast SEO plugin v26.5 - https:\/\/yoast.com\/wordpress\/plugins\/seo\/ -->\n<title>Reservation<\/title>\n<meta name=\"description\" content=\"Thajsk\u00e9 mas\u00e1\u017ee Bangkok: Luxusn\u00ed Relax a odpo\u010dinek v Brn\u011b!\" \/>\n<meta name=\"robots\" content=\"noindex, nofollow\" \/>\n<meta property=\"og:locale\" content=\"en_GB\" \/>\n<meta property=\"og:locale:alternate\" content=\"cs_CZ\" \/>\n<meta property=\"og:type\" content=\"article\" \/>\n<meta property=\"og:title\" content=\"Reservation\" \/>\n<meta property=\"og:description\" content=\"Thajsk\u00e9 mas\u00e1\u017ee Bangkok: Luxusn\u00ed Relax a odpo\u010dinek v Brn\u011b!\" \/>\n<meta property=\"og:url\" content=\"https:\/\/thajskemasaze-brno.cz\/en\/rezervace\/\" \/>\n<meta property=\"og:site_name\" content=\"Thajsk\u00e9 mas\u00e1\u017ee Bangkok\" \/>\n<meta property=\"article:modified_time\" content=\"2024-10-16T08:55:56+00:00\" \/>\n<meta property=\"og:image\" content=\"https:\/\/thajskemasaze-brno.cz\/wp-content\/uploads\/2024\/02\/cropped-favicon.png\" \/>\n\t<meta property=\"og:image:width\" content=\"512\" \/>\n\t<meta property=\"og:image:height\" content=\"512\" \/>\n\t<meta property=\"og:image:type\" content=\"image\/png\" \/>\n<meta name=\"twitter:card\" content=\"summary_large_image\" \/>\n<meta name=\"twitter:label1\" content=\"Estimated reading time\" \/>\n\t<meta name=\"twitter:data1\" content=\"1 minute\" \/>\n<script type=\"application\/ld+json\" class=\"yoast-schema-graph\">{\"@context\":\"https:\/\/schema.org\",\"@graph\":[{\"@type\":\"WebPage\",\"@id\":\"https:\/\/thajskemasaze-brno.cz\/en\/rezervace\/\",\"url\":\"https:\/\/thajskemasaze-brno.cz\/en\/rezervace\/\",\"name\":\"Reservation\",\"isPartOf\":{\"@id\":\"https:\/\/thajskemasaze-brno.cz\/#website\"},\"datePublished\":\"2024-10-07T09:45:28+00:00\",\"dateModified\":\"2024-10-16T08:55:56+00:00\",\"description\":\"Thajsk\u00e9 mas\u00e1\u017ee Bangkok: Luxusn\u00ed Relax a odpo\u010dinek v Brn\u011b!\",\"breadcrumb\":{\"@id\":\"https:\/\/thajskemasaze-brno.cz\/en\/rezervace\/#breadcrumb\"},\"inLanguage\":\"en-GB\",\"potentialAction\":[{\"@type\":\"ReadAction\",\"target\":[\"https:\/\/thajskemasaze-brno.cz\/en\/rezervace\/\"]}]},{\"@type\":\"BreadcrumbList\",\"@id\":\"https:\/\/thajskemasaze-brno.cz\/en\/rezervace\/#breadcrumb\",\"itemListElement\":[{\"@type\":\"ListItem\",\"position\":1,\"name\":\"Dom\u016f\",\"item\":\"https:\/\/thajskemasaze-brno.cz\/en\/\"},{\"@type\":\"ListItem\",\"position\":2,\"name\":\"Reservation\"}]},{\"@type\":\"WebSite\",\"@id\":\"https:\/\/thajskemasaze-brno.cz\/#website\",\"url\":\"https:\/\/thajskemasaze-brno.cz\/\",\"name\":\"Thajsk\u00e9 mas\u00e1\u017ee Bangkok\",\"description\":\"\",\"publisher\":{\"@id\":\"https:\/\/thajskemasaze-brno.cz\/#organization\"},\"alternateName\":\"Thajsk\u00e9 mas\u00e1\u017ee Bangkok\",\"potentialAction\":[{\"@type\":\"SearchAction\",\"target\":{\"@type\":\"EntryPoint\",\"urlTemplate\":\"https:\/\/thajskemasaze-brno.cz\/?s={search_term_string}\"},\"query-input\":{\"@type\":\"PropertyValueSpecification\",\"valueRequired\":true,\"valueName\":\"search_term_string\"}}],\"inLanguage\":\"en-GB\"},{\"@type\":\"Organization\",\"@id\":\"https:\/\/thajskemasaze-brno.cz\/#organization\",\"name\":\"Thajsk\u00e9 mas\u00e1\u017ee Bangkok\",\"alternateName\":\"Thajsk\u00e9 mas\u00e1\u017ee Bangkok\",\"url\":\"https:\/\/thajskemasaze-brno.cz\/\",\"logo\":{\"@type\":\"ImageObject\",\"inLanguage\":\"en-GB\",\"@id\":\"https:\/\/thajskemasaze-brno.cz\/#\/schema\/logo\/image\/\",\"url\":\"https:\/\/thajskemasaze-brno.cz\/wp-content\/uploads\/2024\/02\/cropped-favicon.png\",\"contentUrl\":\"https:\/\/thajskemasaze-brno.cz\/wp-content\/uploads\/2024\/02\/cropped-favicon.png\",\"width\":512,\"height\":512,\"caption\":\"Thajsk\u00e9 mas\u00e1\u017ee Bangkok\"},\"image\":{\"@id\":\"https:\/\/thajskemasaze-brno.cz\/#\/schema\/logo\/image\/\"}}]}<\/script>\n<!-- \/ Yoast SEO plugin. -->","yoast_head_json":{"title":"Reservation","description":"Thajsk\u00e9 mas\u00e1\u017ee Bangkok: Luxusn\u00ed Relax a odpo\u010dinek v Brn\u011b!","robots":{"index":"noindex","follow":"nofollow"},"og_locale":"en_GB","og_type":"article","og_title":"[:cs]Rezervace[:en]Reservation[:] - Thajsk\u00e9 mas\u00e1\u017ee Bangkok","og_description":"Thajsk\u00e9 mas\u00e1\u017ee Bangkok: Luxusn\u00ed Relax a odpo\u010dinek v Brn\u011b!","og_url":"https:\/\/thajskemasaze-brno.cz\/en\/rezervace\/","og_site_name":"Thajsk\u00e9 mas\u00e1\u017ee Bangkok","article_modified_time":"2024-10-16T08:55:56+00:00","og_image":[{"width":512,"height":512,"url":"https:\/\/thajskemasaze-brno.cz\/wp-content\/uploads\/2024\/02\/cropped-favicon.png","type":"image\/png"}],"twitter_card":"summary_large_image","twitter_misc":{"Estimated reading time":"1 minute"},"schema":{"@context":"https:\/\/schema.org","@graph":[{"@type":"WebPage","@id":"https:\/\/thajskemasaze-brno.cz\/en\/rezervace\/","url":"https:\/\/thajskemasaze-brno.cz\/en\/rezervace\/","name":"Reservation","isPartOf":{"@id":"https:\/\/thajskemasaze-brno.cz\/#website"},"datePublished":"2024-10-07T09:45:28+00:00","dateModified":"2024-10-16T08:55:56+00:00","description":"Thajsk\u00e9 mas\u00e1\u017ee Bangkok: Luxusn\u00ed Relax a odpo\u010dinek v Brn\u011b!","breadcrumb":{"@id":"https:\/\/thajskemasaze-brno.cz\/en\/rezervace\/#breadcrumb"},"inLanguage":"en-GB","potentialAction":[{"@type":"ReadAction","target":["https:\/\/thajskemasaze-brno.cz\/en\/rezervace\/"]}]},{"@type":"BreadcrumbList","@id":"https:\/\/thajskemasaze-brno.cz\/en\/rezervace\/#breadcrumb","itemListElement":[{"@type":"ListItem","position":1,"name":"Dom\u016f","item":"https:\/\/thajskemasaze-brno.cz\/en\/"},{"@type":"ListItem","position":2,"name":"Reservation"}]},{"@type":"WebSite","@id":"https:\/\/thajskemasaze-brno.cz\/#website","url":"https:\/\/thajskemasaze-brno.cz\/","name":"Thajsk\u00e9 mas\u00e1\u017ee Bangkok","description":"","publisher":{"@id":"https:\/\/thajskemasaze-brno.cz\/#organization"},"alternateName":"Thajsk\u00e9 mas\u00e1\u017ee Bangkok","potentialAction":[{"@type":"SearchAction","target":{"@type":"EntryPoint","urlTemplate":"https:\/\/thajskemasaze-brno.cz\/?s={search_term_string}"},"query-input":{"@type":"PropertyValueSpecification","valueRequired":true,"valueName":"search_term_string"}}],"inLanguage":"en-GB"},{"@type":"Organization","@id":"https:\/\/thajskemasaze-brno.cz\/#organization","name":"Thajsk\u00e9 mas\u00e1\u017ee Bangkok","alternateName":"Thajsk\u00e9 mas\u00e1\u017ee Bangkok","url":"https:\/\/thajskemasaze-brno.cz\/","logo":{"@type":"ImageObject","inLanguage":"en-GB","@id":"https:\/\/thajskemasaze-brno.cz\/#\/schema\/logo\/image\/","url":"https:\/\/thajskemasaze-brno.cz\/wp-content\/uploads\/2024\/02\/cropped-favicon.png","contentUrl":"https:\/\/thajskemasaze-brno.cz\/wp-content\/uploads\/2024\/02\/cropped-favicon.png","width":512,"height":512,"caption":"Thajsk\u00e9 mas\u00e1\u017ee Bangkok"},"image":{"@id":"https:\/\/thajskemasaze-brno.cz\/#\/schema\/logo\/image\/"}}]}},"_links":{"self":[{"href":"https:\/\/thajskemasaze-brno.cz\/en\/wp-json\/wp\/v2\/pages\/505","targetHints":{"allow":["GET"]}}],"collection":[{"href":"https:\/\/thajskemasaze-brno.cz\/en\/wp-json\/wp\/v2\/pages"}],"about":[{"href":"https:\/\/thajskemasaze-brno.cz\/en\/wp-json\/wp\/v2\/types\/page"}],"author":[{"embeddable":true,"href":"https:\/\/thajskemasaze-brno.cz\/en\/wp-json\/wp\/v2\/users\/1"}],"replies":[{"embeddable":true,"href":"https:\/\/thajskemasaze-brno.cz\/en\/wp-json\/wp\/v2\/comments?post=505"}],"version-history":[{"count":12,"href":"https:\/\/thajskemasaze-brno.cz\/en\/wp-json\/wp\/v2\/pages\/505\/revisions"}],"predecessor-version":[{"id":572,"href":"https:\/\/thajskemasaze-brno.cz\/en\/wp-json\/wp\/v2\/pages\/505\/revisions\/572"}],"wp:attachment":[{"href":"https:\/\/thajskemasaze-brno.cz\/en\/wp-json\/wp\/v2\/media?parent=505"}],"curies":[{"name":"wp","href":"https:\/\/api.w.org\/{rel}","templated":true}]}}