{"id":763,"date":"2024-12-03T09:35:24","date_gmt":"2024-12-03T08:35:24","guid":{"rendered":"https:\/\/thajskemasaze-brno.cz\/?page_id=763"},"modified":"2024-12-03T09:40:39","modified_gmt":"2024-12-03T08:40:39","slug":"akce","status":"publish","type":"page","link":"https:\/\/thajskemasaze-brno.cz\/en\/akce\/","title":{"rendered":"Promotional offer"},"content":{"rendered":"<p>[et_pb_section fb_built=&#8221;1&#8243; module_id=&#8221;poukaz&#8221; module_class=&#8221;bcg-barva1&#8243; _builder_version=&#8221;4.21.0&#8243; _module_preset=&#8221;default&#8221; background_image=&#8221;https:\/\/thajskemasaze-brno.cz\/wp-content\/uploads\/2023\/06\/BCG.png&#8221; background_size=&#8221;initial&#8221; background_position=&#8221;top_left&#8221; background_repeat=&#8221;repeat&#8221; da_disable_devices=&#8221;off|off|off&#8221; global_colors_info=&#8221;{}&#8221; da_is_popup=&#8221;off&#8221; da_exit_intent=&#8221;off&#8221; da_has_close=&#8221;on&#8221; da_alt_close=&#8221;off&#8221; da_dark_close=&#8221;off&#8221; da_not_modal=&#8221;on&#8221; da_is_singular=&#8221;off&#8221; da_with_loader=&#8221;off&#8221; da_has_shadow=&#8221;on&#8221;][et_pb_row _builder_version=&#8221;4.27.2&#8243; _module_preset=&#8221;default&#8221; global_colors_info=&#8221;{}&#8221;][et_pb_column type=&#8221;4_4&#8243; _builder_version=&#8221;4.27.2&#8243; _module_preset=&#8221;default&#8221; global_colors_info=&#8221;{}&#8221;][et_pb_text _builder_version=&#8221;4.27.3&#8243; _module_preset=&#8221;default&#8221; hover_enabled=&#8221;0&#8243; global_colors_info=&#8221;{}&#8221; sticky_enabled=&#8221;0&#8243;]<\/p>\n<h1 class=\"text-center text-barva-bila\">Promotional offer of Thai massages Bangkok<\/h1>\n<p>[\/et_pb_text][\/et_pb_column][\/et_pb_row][et_pb_row module_class=&#8221;bcg-barva-bila p2&#8243; _builder_version=&#8221;4.27.3&#8243; _module_preset=&#8221;default&#8221; global_colors_info=&#8221;{}&#8221;][et_pb_column type=&#8221;4_4&#8243; _builder_version=&#8221;4.27.2&#8243; _module_preset=&#8221;default&#8221; global_colors_info=&#8221;{}&#8221;][et_pb_text _builder_version=&#8221;4.27.3&#8243; _module_preset=&#8221;default&#8221; hover_enabled=&#8221;0&#8243; global_colors_info=&#8221;{}&#8221; sticky_enabled=&#8221;0&#8243;]<\/p>\n<p class=\"text-velky text-barva2\">&#8211; After five massages, the sixth massage is free<\/p>\n<p class=\"text-velky text-barva2\">&#8211; Up to 20% discount on selected massages and gift vouchers. Free tea after the massage<\/p>\n<p class=\"text-velky text-barva2\">&#8211; 120-minute massage for the price of a&nbsp;90-minute massage.<\/p>\n<p>[\/et_pb_text][et_pb_text admin_label=&#8221;Tlacitka&#8221; _builder_version=&#8221;4.27.3&#8243; _module_preset=&#8221;default&#8221; hover_enabled=&#8221;0&#8243; locked=&#8221;off&#8221; global_colors_info=&#8221;{}&#8221; sticky_enabled=&#8221;0&#8243;]<\/p>\n<div class=\"dflex wrap\"><a class=\"et_pb_button et_pb_button_0 et_pb_bg_layout_light mt1 mr1\" href=\"\/en\/rezervace\" data-icon=\"&#x24;\">Online reservation<\/a><br \/>\n<a class=\"et_pb_button et_pb_button_0 et_pb_bg_layout_light mt1\" href=\"\/en\/darkove-poukazy\" data-icon=\"&#x24;\">Gift voucher<\/a><\/div>\n<p>[\/et_pb_text][\/et_pb_column][\/et_pb_row][\/et_pb_section]<\/p>\n","protected":false},"excerpt":{"rendered":"<p>Promotional offer of Thai massages Bangkok- After five massages, the sixth massage is free &#8211; Up to 20% discount on selected massages and gift vouchers. Free tea after the massage &#8211; 120-minute massage for the price of a&nbsp;90-minute massage.Online reservation Gift voucher<\/p>\n","protected":false},"author":1,"featured_media":0,"parent":0,"menu_order":0,"comment_status":"closed","ping_status":"closed","template":"","meta":{"_et_pb_use_builder":"on","_et_pb_old_content":"","_et_gb_content_width":"","footnotes":""},"class_list":["post-763","page","type-page","status-publish","hentry"],"yoast_head":"<!-- This site is optimized with the Yoast SEO plugin v26.5 - https:\/\/yoast.com\/wordpress\/plugins\/seo\/ -->\n<title>Promotional offer<\/title>\n<meta name=\"description\" content=\"Thajsk\u00e9 mas\u00e1\u017ee Bangkok: Luxusn\u00ed Relax a odpo\u010dinek v Brn\u011b!\" \/>\n<meta name=\"robots\" content=\"index, follow, max-snippet:-1, max-image-preview:large, max-video-preview:-1\" \/>\n<link rel=\"canonical\" href=\"https:\/\/thajskemasaze-brno.cz\/en\/akce\/\" \/>\n<meta property=\"og:locale\" content=\"en_GB\" \/>\n<meta property=\"og:locale:alternate\" content=\"cs_CZ\" \/>\n<meta property=\"og:type\" content=\"article\" \/>\n<meta property=\"og:title\" content=\"Promotional offer\" \/>\n<meta property=\"og:description\" content=\"Thajsk\u00e9 mas\u00e1\u017ee Bangkok: Luxusn\u00ed Relax a odpo\u010dinek v Brn\u011b!\" \/>\n<meta property=\"og:url\" content=\"https:\/\/thajskemasaze-brno.cz\/en\/akce\/\" \/>\n<meta property=\"og:site_name\" content=\"Thajsk\u00e9 mas\u00e1\u017ee Bangkok\" \/>\n<meta property=\"article:modified_time\" content=\"2024-12-03T08:40:39+00:00\" \/>\n<meta property=\"og:image\" content=\"https:\/\/thajskemasaze-brno.cz\/wp-content\/uploads\/2024\/02\/cropped-favicon.png\" \/>\n\t<meta property=\"og:image:width\" content=\"512\" \/>\n\t<meta property=\"og:image:height\" content=\"512\" \/>\n\t<meta property=\"og:image:type\" content=\"image\/png\" \/>\n<meta name=\"twitter:card\" content=\"summary_large_image\" \/>\n<meta name=\"twitter:label1\" content=\"Estimated reading time\" \/>\n\t<meta name=\"twitter:data1\" content=\"1 minute\" \/>\n<script type=\"application\/ld+json\" class=\"yoast-schema-graph\">{\"@context\":\"https:\/\/schema.org\",\"@graph\":[{\"@type\":\"WebPage\",\"@id\":\"https:\/\/thajskemasaze-brno.cz\/en\/akce\/\",\"url\":\"https:\/\/thajskemasaze-brno.cz\/en\/akce\/\",\"name\":\"Promotional offer\",\"isPartOf\":{\"@id\":\"https:\/\/thajskemasaze-brno.cz\/#website\"},\"datePublished\":\"2024-12-03T08:35:24+00:00\",\"dateModified\":\"2024-12-03T08:40:39+00:00\",\"description\":\"Thajsk\u00e9 mas\u00e1\u017ee Bangkok: Luxusn\u00ed Relax a odpo\u010dinek v Brn\u011b!\",\"breadcrumb\":{\"@id\":\"https:\/\/thajskemasaze-brno.cz\/en\/akce\/#breadcrumb\"},\"inLanguage\":\"en-GB\",\"potentialAction\":[{\"@type\":\"ReadAction\",\"target\":[\"https:\/\/thajskemasaze-brno.cz\/en\/akce\/\"]}]},{\"@type\":\"BreadcrumbList\",\"@id\":\"https:\/\/thajskemasaze-brno.cz\/en\/akce\/#breadcrumb\",\"itemListElement\":[{\"@type\":\"ListItem\",\"position\":1,\"name\":\"Dom\u016f\",\"item\":\"https:\/\/thajskemasaze-brno.cz\/en\/\"},{\"@type\":\"ListItem\",\"position\":2,\"name\":\"Promotional offer\"}]},{\"@type\":\"WebSite\",\"@id\":\"https:\/\/thajskemasaze-brno.cz\/#website\",\"url\":\"https:\/\/thajskemasaze-brno.cz\/\",\"name\":\"Thajsk\u00e9 mas\u00e1\u017ee Bangkok\",\"description\":\"\",\"publisher\":{\"@id\":\"https:\/\/thajskemasaze-brno.cz\/#organization\"},\"alternateName\":\"Thajsk\u00e9 mas\u00e1\u017ee Bangkok\",\"potentialAction\":[{\"@type\":\"SearchAction\",\"target\":{\"@type\":\"EntryPoint\",\"urlTemplate\":\"https:\/\/thajskemasaze-brno.cz\/?s={search_term_string}\"},\"query-input\":{\"@type\":\"PropertyValueSpecification\",\"valueRequired\":true,\"valueName\":\"search_term_string\"}}],\"inLanguage\":\"en-GB\"},{\"@type\":\"Organization\",\"@id\":\"https:\/\/thajskemasaze-brno.cz\/#organization\",\"name\":\"Thajsk\u00e9 mas\u00e1\u017ee Bangkok\",\"alternateName\":\"Thajsk\u00e9 mas\u00e1\u017ee Bangkok\",\"url\":\"https:\/\/thajskemasaze-brno.cz\/\",\"logo\":{\"@type\":\"ImageObject\",\"inLanguage\":\"en-GB\",\"@id\":\"https:\/\/thajskemasaze-brno.cz\/#\/schema\/logo\/image\/\",\"url\":\"https:\/\/thajskemasaze-brno.cz\/wp-content\/uploads\/2024\/02\/cropped-favicon.png\",\"contentUrl\":\"https:\/\/thajskemasaze-brno.cz\/wp-content\/uploads\/2024\/02\/cropped-favicon.png\",\"width\":512,\"height\":512,\"caption\":\"Thajsk\u00e9 mas\u00e1\u017ee Bangkok\"},\"image\":{\"@id\":\"https:\/\/thajskemasaze-brno.cz\/#\/schema\/logo\/image\/\"}}]}<\/script>\n<!-- \/ Yoast SEO plugin. -->","yoast_head_json":{"title":"Promotional offer","description":"Thajsk\u00e9 mas\u00e1\u017ee Bangkok: Luxusn\u00ed Relax a odpo\u010dinek v Brn\u011b!","robots":{"index":"index","follow":"follow","max-snippet":"max-snippet:-1","max-image-preview":"max-image-preview:large","max-video-preview":"max-video-preview:-1"},"canonical":"https:\/\/thajskemasaze-brno.cz\/en\/akce\/","og_locale":"en_GB","og_type":"article","og_title":"[:cs]AKCE[:en]Promotional offer[:] - Thajsk\u00e9 mas\u00e1\u017ee Bangkok","og_description":"Thajsk\u00e9 mas\u00e1\u017ee Bangkok: Luxusn\u00ed Relax a odpo\u010dinek v Brn\u011b!","og_url":"https:\/\/thajskemasaze-brno.cz\/en\/akce\/","og_site_name":"Thajsk\u00e9 mas\u00e1\u017ee Bangkok","article_modified_time":"2024-12-03T08:40:39+00:00","og_image":[{"width":512,"height":512,"url":"https:\/\/thajskemasaze-brno.cz\/wp-content\/uploads\/2024\/02\/cropped-favicon.png","type":"image\/png"}],"twitter_card":"summary_large_image","twitter_misc":{"Estimated reading time":"1 minute"},"schema":{"@context":"https:\/\/schema.org","@graph":[{"@type":"WebPage","@id":"https:\/\/thajskemasaze-brno.cz\/en\/akce\/","url":"https:\/\/thajskemasaze-brno.cz\/en\/akce\/","name":"Promotional offer","isPartOf":{"@id":"https:\/\/thajskemasaze-brno.cz\/#website"},"datePublished":"2024-12-03T08:35:24+00:00","dateModified":"2024-12-03T08:40:39+00:00","description":"Thajsk\u00e9 mas\u00e1\u017ee Bangkok: Luxusn\u00ed Relax a odpo\u010dinek v Brn\u011b!","breadcrumb":{"@id":"https:\/\/thajskemasaze-brno.cz\/en\/akce\/#breadcrumb"},"inLanguage":"en-GB","potentialAction":[{"@type":"ReadAction","target":["https:\/\/thajskemasaze-brno.cz\/en\/akce\/"]}]},{"@type":"BreadcrumbList","@id":"https:\/\/thajskemasaze-brno.cz\/en\/akce\/#breadcrumb","itemListElement":[{"@type":"ListItem","position":1,"name":"Dom\u016f","item":"https:\/\/thajskemasaze-brno.cz\/en\/"},{"@type":"ListItem","position":2,"name":"Promotional offer"}]},{"@type":"WebSite","@id":"https:\/\/thajskemasaze-brno.cz\/#website","url":"https:\/\/thajskemasaze-brno.cz\/","name":"Thajsk\u00e9 mas\u00e1\u017ee Bangkok","description":"","publisher":{"@id":"https:\/\/thajskemasaze-brno.cz\/#organization"},"alternateName":"Thajsk\u00e9 mas\u00e1\u017ee Bangkok","potentialAction":[{"@type":"SearchAction","target":{"@type":"EntryPoint","urlTemplate":"https:\/\/thajskemasaze-brno.cz\/?s={search_term_string}"},"query-input":{"@type":"PropertyValueSpecification","valueRequired":true,"valueName":"search_term_string"}}],"inLanguage":"en-GB"},{"@type":"Organization","@id":"https:\/\/thajskemasaze-brno.cz\/#organization","name":"Thajsk\u00e9 mas\u00e1\u017ee Bangkok","alternateName":"Thajsk\u00e9 mas\u00e1\u017ee Bangkok","url":"https:\/\/thajskemasaze-brno.cz\/","logo":{"@type":"ImageObject","inLanguage":"en-GB","@id":"https:\/\/thajskemasaze-brno.cz\/#\/schema\/logo\/image\/","url":"https:\/\/thajskemasaze-brno.cz\/wp-content\/uploads\/2024\/02\/cropped-favicon.png","contentUrl":"https:\/\/thajskemasaze-brno.cz\/wp-content\/uploads\/2024\/02\/cropped-favicon.png","width":512,"height":512,"caption":"Thajsk\u00e9 mas\u00e1\u017ee Bangkok"},"image":{"@id":"https:\/\/thajskemasaze-brno.cz\/#\/schema\/logo\/image\/"}}]}},"_links":{"self":[{"href":"https:\/\/thajskemasaze-brno.cz\/en\/wp-json\/wp\/v2\/pages\/763","targetHints":{"allow":["GET"]}}],"collection":[{"href":"https:\/\/thajskemasaze-brno.cz\/en\/wp-json\/wp\/v2\/pages"}],"about":[{"href":"https:\/\/thajskemasaze-brno.cz\/en\/wp-json\/wp\/v2\/types\/page"}],"author":[{"embeddable":true,"href":"https:\/\/thajskemasaze-brno.cz\/en\/wp-json\/wp\/v2\/users\/1"}],"replies":[{"embeddable":true,"href":"https:\/\/thajskemasaze-brno.cz\/en\/wp-json\/wp\/v2\/comments?post=763"}],"version-history":[{"count":11,"href":"https:\/\/thajskemasaze-brno.cz\/en\/wp-json\/wp\/v2\/pages\/763\/revisions"}],"predecessor-version":[{"id":782,"href":"https:\/\/thajskemasaze-brno.cz\/en\/wp-json\/wp\/v2\/pages\/763\/revisions\/782"}],"wp:attachment":[{"href":"https:\/\/thajskemasaze-brno.cz\/en\/wp-json\/wp\/v2\/media?parent=763"}],"curies":[{"name":"wp","href":"https:\/\/api.w.org\/{rel}","templated":true}]}}